{"id":522,"date":"2025-12-12T12:23:50","date_gmt":"2025-12-12T11:23:50","guid":{"rendered":"https:\/\/www.ragitour.com\/alquiler-de-barcos-en-sorrento\/excursion-compartida-en-barco-a-capri\/"},"modified":"2026-02-06T17:26:46","modified_gmt":"2026-02-06T16:26:46","slug":"excursion-compartida-barco-capri","status":"publish","type":"page","link":"https:\/\/www.ragitour.com\/es\/alquiler-barcos\/excursion-compartida-barco-capri\/","title":{"rendered":"Excursi\u00f3n compartida en barco a Capri"},"content":{"rendered":"","protected":false},"excerpt":{"rendered":"","protected":false},"author":1,"featured_media":0,"parent":506,"menu_order":0,"comment_status":"closed","ping_status":"closed","template":"","meta":{"footnotes":""},"class_list":["post-522","page","type-page","status-publish","hentry"],"yoast_head":"<!-- This site is optimized with the Yoast SEO plugin v27.2 - https:\/\/yoast.com\/product\/yoast-seo-wordpress\/ -->\n<title>Excursi\u00f3n compartida en barco a Capri - \u00a1Compra tu billete! Ra.Gi. Tour<\/title>\n<meta name=\"description\" content=\"Disfruta de un d\u00eda en barco con nuestra excursi\u00f3n compartida a la isla. Puedes bucear y hacer esn\u00f3rquel, o quedarte a bordo y relajarte al sol. Descubre el itinerario\" \/>\n<meta name=\"robots\" content=\"index, follow, max-snippet:-1, max-image-preview:large, max-video-preview:-1\" \/>\n<link rel=\"canonical\" href=\"https:\/\/www.ragitour.com\/es\/alquiler-barcos\/excursion-compartida-barco-capri\/\" \/>\n<meta property=\"og:locale\" content=\"es_ES\" \/>\n<meta property=\"og:type\" content=\"article\" \/>\n<meta property=\"og:title\" content=\"Excursi\u00f3n compartida en barco a Capri - \u00a1Compra tu billete! Ra.Gi. Tour\" \/>\n<meta property=\"og:description\" content=\"Disfruta de un d\u00eda en barco con nuestra excursi\u00f3n compartida a la isla. Puedes bucear y hacer esn\u00f3rquel, o quedarte a bordo y relajarte al sol. Descubre el itinerario\" \/>\n<meta property=\"og:url\" content=\"https:\/\/www.ragitour.com\/es\/alquiler-barcos\/excursion-compartida-barco-capri\/\" \/>\n<meta property=\"og:site_name\" content=\"Ra.Gi. Tour\" \/>\n<meta property=\"article:publisher\" content=\"https:\/\/www.facebook.com\/ragitour\" \/>\n<meta property=\"article:modified_time\" content=\"2026-02-06T16:26:46+00:00\" \/>\n<meta name=\"twitter:card\" content=\"summary_large_image\" \/>\n<script type=\"application\/ld+json\" class=\"yoast-schema-graph\">{\"@context\":\"https:\/\/schema.org\",\"@graph\":[{\"@type\":\"WebPage\",\"@id\":\"https:\/\/www.ragitour.com\/es\/alquiler-barcos\/excursion-compartida-barco-capri\/\",\"url\":\"https:\/\/www.ragitour.com\/es\/alquiler-barcos\/excursion-compartida-barco-capri\/\",\"name\":\"Excursi\u00f3n compartida en barco a Capri - \u00a1Compra tu billete! Ra.Gi. Tour\",\"isPartOf\":{\"@id\":\"https:\/\/www.ragitour.com\/es\/#website\"},\"datePublished\":\"2025-12-12T11:23:50+00:00\",\"dateModified\":\"2026-02-06T16:26:46+00:00\",\"description\":\"Disfruta de un d\u00eda en barco con nuestra excursi\u00f3n compartida a la isla. Puedes bucear y hacer esn\u00f3rquel, o quedarte a bordo y relajarte al sol. Descubre el itinerario\",\"breadcrumb\":{\"@id\":\"https:\/\/www.ragitour.com\/es\/alquiler-barcos\/excursion-compartida-barco-capri\/#breadcrumb\"},\"inLanguage\":\"es\",\"potentialAction\":[{\"@type\":\"ReadAction\",\"target\":[\"https:\/\/www.ragitour.com\/es\/alquiler-barcos\/excursion-compartida-barco-capri\/\"]}]},{\"@type\":\"BreadcrumbList\",\"@id\":\"https:\/\/www.ragitour.com\/es\/alquiler-barcos\/excursion-compartida-barco-capri\/#breadcrumb\",\"itemListElement\":[{\"@type\":\"ListItem\",\"position\":1,\"name\":\"Home\",\"item\":\"https:\/\/www.ragitour.com\/es\/home\/\"},{\"@type\":\"ListItem\",\"position\":2,\"name\":\"Alquiler de barcos en Sorrento\",\"item\":\"https:\/\/www.ragitour.com\/es\/alquiler-barcos\/\"},{\"@type\":\"ListItem\",\"position\":3,\"name\":\"Excursi\u00f3n compartida en barco a Capri\"}]},{\"@type\":\"WebSite\",\"@id\":\"https:\/\/www.ragitour.com\/es\/#website\",\"url\":\"https:\/\/www.ragitour.com\/es\/\",\"name\":\"Ra.Gi. Tour Sorrento\",\"description\":\"Tour operator in Sorrento for boat and coach tours\",\"publisher\":{\"@id\":\"https:\/\/www.ragitour.com\/es\/#organization\"},\"potentialAction\":[{\"@type\":\"SearchAction\",\"target\":{\"@type\":\"EntryPoint\",\"urlTemplate\":\"https:\/\/www.ragitour.com\/es\/?s={search_term_string}\"},\"query-input\":{\"@type\":\"PropertyValueSpecification\",\"valueRequired\":true,\"valueName\":\"search_term_string\"}}],\"inLanguage\":\"es\"},{\"@type\":\"Organization\",\"@id\":\"https:\/\/www.ragitour.com\/es\/#organization\",\"name\":\"Ra.Gi. Tour\",\"url\":\"https:\/\/www.ragitour.com\/es\/\",\"logo\":{\"@type\":\"ImageObject\",\"inLanguage\":\"es\",\"@id\":\"https:\/\/www.ragitour.com\/es\/#\/schema\/logo\/image\/\",\"url\":\"https:\/\/www.ragitour.com\/wp-content\/uploads\/2025\/11\/logo.jpg\",\"contentUrl\":\"https:\/\/www.ragitour.com\/wp-content\/uploads\/2025\/11\/logo.jpg\",\"width\":583,\"height\":482,\"caption\":\"Ra.Gi. Tour\"},\"image\":{\"@id\":\"https:\/\/www.ragitour.com\/es\/#\/schema\/logo\/image\/\"},\"sameAs\":[\"https:\/\/www.facebook.com\/ragitour\",\"https:\/\/www.instagram.com\/freedomragitour\/\"]}]}<\/script>\n<!-- \/ Yoast SEO plugin. -->","yoast_head_json":{"title":"Excursi\u00f3n compartida en barco a Capri - \u00a1Compra tu billete! Ra.Gi. Tour","description":"Disfruta de un d\u00eda en barco con nuestra excursi\u00f3n compartida a la isla. Puedes bucear y hacer esn\u00f3rquel, o quedarte a bordo y relajarte al sol. Descubre el itinerario","robots":{"index":"index","follow":"follow","max-snippet":"max-snippet:-1","max-image-preview":"max-image-preview:large","max-video-preview":"max-video-preview:-1"},"canonical":"https:\/\/www.ragitour.com\/es\/alquiler-barcos\/excursion-compartida-barco-capri\/","og_locale":"es_ES","og_type":"article","og_title":"Excursi\u00f3n compartida en barco a Capri - \u00a1Compra tu billete! Ra.Gi. Tour","og_description":"Disfruta de un d\u00eda en barco con nuestra excursi\u00f3n compartida a la isla. Puedes bucear y hacer esn\u00f3rquel, o quedarte a bordo y relajarte al sol. Descubre el itinerario","og_url":"https:\/\/www.ragitour.com\/es\/alquiler-barcos\/excursion-compartida-barco-capri\/","og_site_name":"Ra.Gi. Tour","article_publisher":"https:\/\/www.facebook.com\/ragitour","article_modified_time":"2026-02-06T16:26:46+00:00","twitter_card":"summary_large_image","schema":{"@context":"https:\/\/schema.org","@graph":[{"@type":"WebPage","@id":"https:\/\/www.ragitour.com\/es\/alquiler-barcos\/excursion-compartida-barco-capri\/","url":"https:\/\/www.ragitour.com\/es\/alquiler-barcos\/excursion-compartida-barco-capri\/","name":"Excursi\u00f3n compartida en barco a Capri - \u00a1Compra tu billete! Ra.Gi. Tour","isPartOf":{"@id":"https:\/\/www.ragitour.com\/es\/#website"},"datePublished":"2025-12-12T11:23:50+00:00","dateModified":"2026-02-06T16:26:46+00:00","description":"Disfruta de un d\u00eda en barco con nuestra excursi\u00f3n compartida a la isla. Puedes bucear y hacer esn\u00f3rquel, o quedarte a bordo y relajarte al sol. Descubre el itinerario","breadcrumb":{"@id":"https:\/\/www.ragitour.com\/es\/alquiler-barcos\/excursion-compartida-barco-capri\/#breadcrumb"},"inLanguage":"es","potentialAction":[{"@type":"ReadAction","target":["https:\/\/www.ragitour.com\/es\/alquiler-barcos\/excursion-compartida-barco-capri\/"]}]},{"@type":"BreadcrumbList","@id":"https:\/\/www.ragitour.com\/es\/alquiler-barcos\/excursion-compartida-barco-capri\/#breadcrumb","itemListElement":[{"@type":"ListItem","position":1,"name":"Home","item":"https:\/\/www.ragitour.com\/es\/home\/"},{"@type":"ListItem","position":2,"name":"Alquiler de barcos en Sorrento","item":"https:\/\/www.ragitour.com\/es\/alquiler-barcos\/"},{"@type":"ListItem","position":3,"name":"Excursi\u00f3n compartida en barco a Capri"}]},{"@type":"WebSite","@id":"https:\/\/www.ragitour.com\/es\/#website","url":"https:\/\/www.ragitour.com\/es\/","name":"Ra.Gi. Tour Sorrento","description":"Tour operator in Sorrento for boat and coach tours","publisher":{"@id":"https:\/\/www.ragitour.com\/es\/#organization"},"potentialAction":[{"@type":"SearchAction","target":{"@type":"EntryPoint","urlTemplate":"https:\/\/www.ragitour.com\/es\/?s={search_term_string}"},"query-input":{"@type":"PropertyValueSpecification","valueRequired":true,"valueName":"search_term_string"}}],"inLanguage":"es"},{"@type":"Organization","@id":"https:\/\/www.ragitour.com\/es\/#organization","name":"Ra.Gi. Tour","url":"https:\/\/www.ragitour.com\/es\/","logo":{"@type":"ImageObject","inLanguage":"es","@id":"https:\/\/www.ragitour.com\/es\/#\/schema\/logo\/image\/","url":"https:\/\/www.ragitour.com\/wp-content\/uploads\/2025\/11\/logo.jpg","contentUrl":"https:\/\/www.ragitour.com\/wp-content\/uploads\/2025\/11\/logo.jpg","width":583,"height":482,"caption":"Ra.Gi. Tour"},"image":{"@id":"https:\/\/www.ragitour.com\/es\/#\/schema\/logo\/image\/"},"sameAs":["https:\/\/www.facebook.com\/ragitour","https:\/\/www.instagram.com\/freedomragitour\/"]}]}},"_links":{"self":[{"href":"https:\/\/www.ragitour.com\/es\/wp-json\/wp\/v2\/pages\/522","targetHints":{"allow":["GET"]}}],"collection":[{"href":"https:\/\/www.ragitour.com\/es\/wp-json\/wp\/v2\/pages"}],"about":[{"href":"https:\/\/www.ragitour.com\/es\/wp-json\/wp\/v2\/types\/page"}],"author":[{"embeddable":true,"href":"https:\/\/www.ragitour.com\/es\/wp-json\/wp\/v2\/users\/1"}],"replies":[{"embeddable":true,"href":"https:\/\/www.ragitour.com\/es\/wp-json\/wp\/v2\/comments?post=522"}],"version-history":[{"count":1,"href":"https:\/\/www.ragitour.com\/es\/wp-json\/wp\/v2\/pages\/522\/revisions"}],"predecessor-version":[{"id":608,"href":"https:\/\/www.ragitour.com\/es\/wp-json\/wp\/v2\/pages\/522\/revisions\/608"}],"up":[{"embeddable":true,"href":"https:\/\/www.ragitour.com\/es\/wp-json\/wp\/v2\/pages\/506"}],"wp:attachment":[{"href":"https:\/\/www.ragitour.com\/es\/wp-json\/wp\/v2\/media?parent=522"}],"curies":[{"name":"wp","href":"https:\/\/api.w.org\/{rel}","templated":true}]}}